{"id":2204,"date":"2025-09-25T08:05:30","date_gmt":"2025-09-25T08:05:30","guid":{"rendered":"https:\/\/connectsound.es\/?page_id=2204"},"modified":"2025-10-31T14:55:02","modified_gmt":"2025-10-31T14:55:02","slug":"politica-de-cookies","status":"publish","type":"page","link":"https:\/\/connectsound.es\/index.php\/politica-de-cookies\/","title":{"rendered":"Pol\u00edtica de Cookies"},"content":{"rendered":"<p>[et_pb_section fb_built=\u00bb1&#8243; _builder_version=\u00bb4.27.4&#8243; _module_preset=\u00bbdefault\u00bb global_colors_info=\u00bb{}\u00bb][et_pb_row _builder_version=\u00bb4.27.4&#8243; _module_preset=\u00bbdefault\u00bb global_colors_info=\u00bb{}\u00bb][et_pb_column type=\u00bb4_4&#8243; _builder_version=\u00bb4.27.4&#8243; _module_preset=\u00bbdefault\u00bb global_colors_info=\u00bb{}\u00bb][et_pb_text _builder_version=\u00bb4.27.4&#8243; _module_preset=\u00bbdefault\u00bb custom_margin=\u00bb||0px|||\u00bb custom_padding=\u00bb||0px|||\u00bb global_colors_info=\u00bb{}\u00bb]<\/p>\n<h3><strong>POL\u00cdTICA DE COOKIES<\/strong><\/h3>\n<p>[\/et_pb_text][et_pb_text _builder_version=\u00bb4.27.4&#8243; _module_preset=\u00bbdefault\u00bb hover_enabled=\u00bb0&#8243; global_colors_info=\u00bb{}\u00bb custom_padding=\u00bb||0px|||\u00bb sticky_enabled=\u00bb0&#8243;]<\/p>\n<p data-start=\"2632\" data-end=\"2841\"><strong data-start=\"2632\" data-end=\"2674\">1. Definici\u00f3n y funci\u00f3n de las cookies<\/strong><br data-start=\"2674\" data-end=\"2677\" \/>Las cookies son peque\u00f1os archivos que se descargan en el dispositivo del usuario con la finalidad de recopilar informaci\u00f3n y mejorar la experiencia de navegaci\u00f3n.<\/p>\n<p data-start=\"2843\" data-end=\"2928\"><strong data-start=\"2843\" data-end=\"2877\">2. Tipos de cookies utilizadas<\/strong><br data-start=\"2877\" data-end=\"2880\" \/>Este sitio web utiliza las siguientes cookies:<\/p>\n<ul data-start=\"2930\" data-end=\"3325\">\n<li data-start=\"2930\" data-end=\"3000\">\n<p data-start=\"2932\" data-end=\"3000\"><strong data-start=\"2932\" data-end=\"2952\">Cookies t\u00e9cnicas<\/strong>: necesarias para el funcionamiento del sitio.<\/p>\n<\/li>\n<li data-start=\"3001\" data-end=\"3080\">\n<p data-start=\"3003\" data-end=\"3080\"><strong data-start=\"3003\" data-end=\"3033\">Cookies de personalizaci\u00f3n<\/strong>: permiten recordar preferencias del usuario.<\/p>\n<\/li>\n<li data-start=\"3081\" data-end=\"3155\">\n<p data-start=\"3083\" data-end=\"3155\"><strong data-start=\"3083\" data-end=\"3106\">Cookies de an\u00e1lisis<\/strong>: utilizadas para elaborar estad\u00edsticas de uso.<\/p>\n<\/li>\n<li data-start=\"3156\" data-end=\"3233\">\n<p data-start=\"3158\" data-end=\"3233\"><strong data-start=\"3158\" data-end=\"3183\">Cookies publicitarias<\/strong>: permiten gestionar los espacios publicitarios.<\/p>\n<\/li>\n<li data-start=\"3234\" data-end=\"3325\">\n<p data-start=\"3236\" data-end=\"3325\"><strong data-start=\"3236\" data-end=\"3259\">Cookies de terceros<\/strong>: en particular, Google Analytics.<\/p>\n<\/li>\n<\/ul>\n<p data-start=\"3327\" data-end=\"3525\"><strong data-start=\"3327\" data-end=\"3352\">3. Gesti\u00f3n de cookies<\/strong><br data-start=\"3352\" data-end=\"3355\" \/>El usuario puede configurar o rechazar el uso de cookies en cualquier momento desde el aviso emergente al entrar en la web o ajustando la configuraci\u00f3n de su navegador.<\/p>\n<p data-start=\"3527\" data-end=\"3659\"><strong data-start=\"3527\" data-end=\"3548\">4. Consentimiento<\/strong><br data-start=\"3548\" data-end=\"3551\" \/>Al aceptar el aviso de cookies en la primera visita, el usuario consiente el uso de las cookies descritas.<\/p>\n<p>[\/et_pb_text][\/et_pb_column][\/et_pb_row][\/et_pb_section]<\/p>\n","protected":false},"excerpt":{"rendered":"<p>POL\u00cdTICA DE COOKIES1. Definici\u00f3n y funci\u00f3n de las cookiesLas cookies son peque\u00f1os archivos que se descargan en el dispositivo del usuario con la finalidad de recopilar informaci\u00f3n y mejorar la experiencia de navegaci\u00f3n. 2. Tipos de cookies utilizadasEste sitio web utiliza las siguientes cookies: Cookies t\u00e9cnicas: necesarias para el funcionamiento del sitio. Cookies de personalizaci\u00f3n: [&hellip;]<\/p>\n","protected":false},"author":1,"featured_media":0,"parent":0,"menu_order":0,"comment_status":"closed","ping_status":"closed","template":"","meta":{"_et_pb_use_builder":"on","_et_pb_old_content":"","_et_gb_content_width":"","footnotes":""},"class_list":["post-2204","page","type-page","status-publish","hentry"],"_links":{"self":[{"href":"https:\/\/connectsound.es\/index.php\/wp-json\/wp\/v2\/pages\/2204","targetHints":{"allow":["GET"]}}],"collection":[{"href":"https:\/\/connectsound.es\/index.php\/wp-json\/wp\/v2\/pages"}],"about":[{"href":"https:\/\/connectsound.es\/index.php\/wp-json\/wp\/v2\/types\/page"}],"author":[{"embeddable":true,"href":"https:\/\/connectsound.es\/index.php\/wp-json\/wp\/v2\/users\/1"}],"replies":[{"embeddable":true,"href":"https:\/\/connectsound.es\/index.php\/wp-json\/wp\/v2\/comments?post=2204"}],"version-history":[{"count":9,"href":"https:\/\/connectsound.es\/index.php\/wp-json\/wp\/v2\/pages\/2204\/revisions"}],"predecessor-version":[{"id":2839,"href":"https:\/\/connectsound.es\/index.php\/wp-json\/wp\/v2\/pages\/2204\/revisions\/2839"}],"wp:attachment":[{"href":"https:\/\/connectsound.es\/index.php\/wp-json\/wp\/v2\/media?parent=2204"}],"curies":[{"name":"wp","href":"https:\/\/api.w.org\/{rel}","templated":true}]}}