{"id":2212,"date":"2025-09-25T08:25:19","date_gmt":"2025-09-25T08:25:19","guid":{"rendered":"https:\/\/connectsound.es\/?page_id=2212"},"modified":"2025-10-31T14:52:40","modified_gmt":"2025-10-31T14:52:40","slug":"politica-de-privacidad","status":"publish","type":"page","link":"https:\/\/connectsound.es\/index.php\/politica-de-privacidad\/","title":{"rendered":"Pol\u00edtica de Privacidad"},"content":{"rendered":"<p>[et_pb_section fb_built=\u00bb1&#8243; _builder_version=\u00bb4.27.4&#8243; _module_preset=\u00bbdefault\u00bb global_colors_info=\u00bb{}\u00bb][et_pb_row _builder_version=\u00bb4.27.4&#8243; _module_preset=\u00bbdefault\u00bb global_colors_info=\u00bb{}\u00bb][et_pb_column type=\u00bb4_4&#8243; _builder_version=\u00bb4.27.4&#8243; _module_preset=\u00bbdefault\u00bb global_colors_info=\u00bb{}\u00bb][et_pb_text _builder_version=\u00bb4.27.4&#8243; _module_preset=\u00bbdefault\u00bb custom_margin=\u00bb||3px|||\u00bb global_colors_info=\u00bb{}\u00bb]<\/p>\n<h3><strong>POL\u00cdTICA DE PRIVACIDAD<\/strong><\/h3>\n<p>[\/et_pb_text][et_pb_text _builder_version=\u00bb4.27.4&#8243; _module_preset=\u00bbdefault\u00bb global_colors_info=\u00bb{}\u00bb custom_padding=\u00bb||0px|||\u00bb]<\/p>\n<p data-start=\"1634\" data-end=\"1670\"><strong data-start=\"1634\" data-end=\"1668\">1. Responsable del tratamiento<\/strong><\/p>\n<ul data-start=\"1671\" data-end=\"1750\">\n<li data-start=\"1671\" data-end=\"1693\">\n<p data-start=\"1673\" data-end=\"1693\">Responsable: CONNECT SOUND EUROPE S.L.<\/p>\n<\/li>\n<li data-start=\"1694\" data-end=\"1712\">\n<p data-start=\"1696\" data-end=\"1712\">NIF\/CIF: <em>B21874086<\/em><\/p>\n<\/li>\n<li data-start=\"1713\" data-end=\"1733\">\n<p data-start=\"1715\" data-end=\"1733\">Direcci\u00f3n: C\/ZURBANO, 45\u00a0 MADRID &#8211; 28010<\/p>\n<\/li>\n<li data-start=\"1734\" data-end=\"1750\">\n<p data-start=\"1736\" data-end=\"1750\">Email: info@connectsound.es<\/p>\n<\/li>\n<\/ul>\n<p data-start=\"1752\" data-end=\"1903\"><strong data-start=\"1752\" data-end=\"1784\">2. Finalidad del tratamiento<\/strong><br data-start=\"1784\" data-end=\"1787\" \/>Los datos personales recogidos a trav\u00e9s de formularios de contacto, suscripci\u00f3n o contrataci\u00f3n se utilizar\u00e1n para:<\/p>\n<ul data-start=\"1904\" data-end=\"2043\">\n<li data-start=\"1904\" data-end=\"1940\">\n<p data-start=\"1906\" data-end=\"1940\">Atender consultas y solicitudes.<\/p>\n<\/li>\n<li data-start=\"1941\" data-end=\"1979\">\n<p data-start=\"1943\" data-end=\"1979\">Gestionar la relaci\u00f3n contractual.<\/p>\n<\/li>\n<li data-start=\"1980\" data-end=\"2043\">\n<p data-start=\"1982\" data-end=\"2043\">Enviar informaci\u00f3n comercial (si se autoriza expresamente).<\/p>\n<\/li>\n<\/ul>\n<p data-start=\"2045\" data-end=\"2192\"><strong data-start=\"2045\" data-end=\"2064\">3. Legitimaci\u00f3n<\/strong><br data-start=\"2064\" data-end=\"2067\" \/>La base legal para el tratamiento de los datos es el consentimiento del usuario y, en su caso, la ejecuci\u00f3n de un contrato.<\/p>\n<p data-start=\"2194\" data-end=\"2336\"><strong data-start=\"2194\" data-end=\"2226\">4. Conservaci\u00f3n de los datos<\/strong><br data-start=\"2226\" data-end=\"2229\" \/>Los datos se conservar\u00e1n mientras exista relaci\u00f3n comercial o hasta que el usuario solicite su supresi\u00f3n.<\/p>\n<p data-start=\"2338\" data-end=\"2417\"><strong data-start=\"2338\" data-end=\"2358\">5. Destinatarios<\/strong><br data-start=\"2358\" data-end=\"2361\" \/>No se ceder\u00e1n datos a terceros salvo obligaci\u00f3n legal.<\/p>\n<p data-start=\"2419\" data-end=\"2599\"><strong data-start=\"2419\" data-end=\"2446\">6. Derechos del usuario<\/strong><br data-start=\"2446\" data-end=\"2449\" \/>El usuario puede ejercer sus derechos de acceso, rectificaci\u00f3n, supresi\u00f3n, oposici\u00f3n, portabilidad y limitaci\u00f3n enviando un escrito al correo info@connectsound.es.<\/p>\n<p>[\/et_pb_text][\/et_pb_column][\/et_pb_row][\/et_pb_section]<\/p>\n","protected":false},"excerpt":{"rendered":"<p>POL\u00cdTICA DE PRIVACIDAD1. Responsable del tratamiento Responsable: CONNECT SOUND EUROPE S.L. NIF\/CIF: B21874086 Direcci\u00f3n: C\/ZURBANO, 45\u00a0 MADRID &#8211; 28010 Email: info@connectsound.es 2. Finalidad del tratamientoLos datos personales recogidos a trav\u00e9s de formularios de contacto, suscripci\u00f3n o contrataci\u00f3n se utilizar\u00e1n para: Atender consultas y solicitudes. Gestionar la relaci\u00f3n contractual. Enviar informaci\u00f3n comercial (si se autoriza expresamente). [&hellip;]<\/p>\n","protected":false},"author":1,"featured_media":0,"parent":0,"menu_order":0,"comment_status":"closed","ping_status":"closed","template":"","meta":{"_et_pb_use_builder":"on","_et_pb_old_content":"","_et_gb_content_width":"","footnotes":""},"class_list":["post-2212","page","type-page","status-publish","hentry"],"_links":{"self":[{"href":"https:\/\/connectsound.es\/index.php\/wp-json\/wp\/v2\/pages\/2212","targetHints":{"allow":["GET"]}}],"collection":[{"href":"https:\/\/connectsound.es\/index.php\/wp-json\/wp\/v2\/pages"}],"about":[{"href":"https:\/\/connectsound.es\/index.php\/wp-json\/wp\/v2\/types\/page"}],"author":[{"embeddable":true,"href":"https:\/\/connectsound.es\/index.php\/wp-json\/wp\/v2\/users\/1"}],"replies":[{"embeddable":true,"href":"https:\/\/connectsound.es\/index.php\/wp-json\/wp\/v2\/comments?post=2212"}],"version-history":[{"count":6,"href":"https:\/\/connectsound.es\/index.php\/wp-json\/wp\/v2\/pages\/2212\/revisions"}],"predecessor-version":[{"id":2838,"href":"https:\/\/connectsound.es\/index.php\/wp-json\/wp\/v2\/pages\/2212\/revisions\/2838"}],"wp:attachment":[{"href":"https:\/\/connectsound.es\/index.php\/wp-json\/wp\/v2\/media?parent=2212"}],"curies":[{"name":"wp","href":"https:\/\/api.w.org\/{rel}","templated":true}]}}