{"id":2239,"date":"2025-09-25T09:03:50","date_gmt":"2025-09-25T09:03:50","guid":{"rendered":"https:\/\/connectsound.es\/?page_id=2239"},"modified":"2025-10-28T09:00:00","modified_gmt":"2025-10-28T09:00:00","slug":"sobre-nosotros","status":"publish","type":"page","link":"https:\/\/connectsound.es\/index.php\/sobre-nosotros\/","title":{"rendered":"Sobre nosotros"},"content":{"rendered":"<p>[et_pb_section fb_built=\u00bb1&#8243; _builder_version=\u00bb4.27.4&#8243; _module_preset=\u00bbdefault\u00bb global_colors_info=\u00bb{}\u00bb][et_pb_row _builder_version=\u00bb4.27.4&#8243; _module_preset=\u00bbdefault\u00bb global_colors_info=\u00bb{}\u00bb][et_pb_column type=\u00bb4_4&#8243; _builder_version=\u00bb4.27.4&#8243; _module_preset=\u00bbdefault\u00bb global_colors_info=\u00bb{}\u00bb][et_pb_text _builder_version=\u00bb4.27.4&#8243; _module_preset=\u00bbdefault\u00bb hover_enabled=\u00bb0&#8243; global_colors_info=\u00bb{}\u00bb sticky_enabled=\u00bb0&#8243;]<\/p>\n<h1 data-start=\"305\" data-end=\"346\"><strong>Sobre nosotros \u2013 Connect Sound Europe<\/strong><\/h1>\n<p data-start=\"348\" data-end=\"653\">En <strong data-start=\"351\" data-end=\"375\">Connect Sound Europe<\/strong> somos especialistas en <strong data-start=\"399\" data-end=\"441\">soluciones de comunicaci\u00f3n profesional<\/strong>, con presencia en toda Europa y una amplia experiencia en el sector. Nuestro compromiso es ofrecer a cada cliente la tecnolog\u00eda m\u00e1s innovadora para que la comunicaci\u00f3n fluya de manera clara, sencilla y eficaz.<\/p>\n<p data-start=\"655\" data-end=\"771\">\ud83d\udd0a <strong data-start=\"658\" data-end=\"675\">\u00bfQu\u00e9 hacemos?<\/strong><br data-start=\"675\" data-end=\"678\" \/>Nos dedicamos a la <strong data-start=\"697\" data-end=\"744\">venta y alquiler de equipos de comunicaci\u00f3n<\/strong>, entre los que destacan:<\/p>\n<ul data-start=\"772\" data-end=\"1297\">\n<li data-start=\"772\" data-end=\"872\">\n<p data-start=\"774\" data-end=\"872\"><strong data-start=\"774\" data-end=\"823\">Radiogu\u00edas y auriculares para visitas guiadas<\/strong> \u2192 la soluci\u00f3n perfecta para grupos tur\u00edsticos.<\/p>\n<\/li>\n<li data-start=\"873\" data-end=\"967\">\n<p data-start=\"875\" data-end=\"967\"><strong data-start=\"875\" data-end=\"912\">Sistemas de traducci\u00f3n simult\u00e1nea<\/strong> \u2192 congresos, conferencias y eventos internacionales.<\/p>\n<\/li>\n<li data-start=\"968\" data-end=\"1069\">\n<p data-start=\"970\" data-end=\"1069\"><strong data-start=\"970\" data-end=\"1002\">Walkie talkies profesionales<\/strong> \u2192 para coordinaci\u00f3n en entornos de trabajo, eventos y log\u00edstica.<\/p>\n<\/li>\n<li data-start=\"1070\" data-end=\"1195\">\n<p data-start=\"1072\" data-end=\"1195\"><strong data-start=\"1072\" data-end=\"1126\">Sistemas de llamada para restaurantes y hosteler\u00eda<\/strong> \u2192 mayor agilidad en el servicio y experiencia de cliente mejorada.<\/p>\n<\/li>\n<li data-start=\"1196\" data-end=\"1297\">\n<p data-start=\"1198\" data-end=\"1297\"><strong data-start=\"1198\" data-end=\"1255\">Dispositivos de comunicaci\u00f3n para f\u00e1bricas y empresas<\/strong> \u2192 optimizaci\u00f3n de procesos y seguridad.<\/p>\n<\/li>\n<\/ul>\n<p data-start=\"1299\" data-end=\"1616\">\u2705 <strong data-start=\"1301\" data-end=\"1337\">Distribuidor oficial de Retekess<\/strong><br data-start=\"1337\" data-end=\"1340\" \/>En Connect Sound Europe somos <strong data-start=\"1370\" data-end=\"1410\">distribuidores oficiales de Retekess<\/strong>, marca l\u00edder mundial en sistemas de comunicaci\u00f3n y radiogu\u00edas. Gracias a esta alianza, podemos garantizar equipos de m\u00e1xima calidad, soporte t\u00e9cnico especializado y soluciones adaptadas a cada necesidad.<\/p>\n<p data-start=\"1618\" data-end=\"1654\">\ud83c\udf0d <strong data-start=\"1621\" data-end=\"1652\">Sectores a los que servimos<\/strong><\/p>\n<ul data-start=\"1655\" data-end=\"2085\">\n<li data-start=\"1655\" data-end=\"1727\">\n<p data-start=\"1657\" data-end=\"1727\"><strong data-start=\"1657\" data-end=\"1678\">Turismo y cultura<\/strong>: visitas guiadas, museos, rutas y excursiones.<\/p>\n<\/li>\n<li data-start=\"1728\" data-end=\"1823\">\n<p data-start=\"1730\" data-end=\"1823\"><strong data-start=\"1730\" data-end=\"1759\">Hosteler\u00eda y restauraci\u00f3n<\/strong>: sistemas de llamada para clientes y coordinaci\u00f3n de equipos.<\/p>\n<\/li>\n<li data-start=\"1824\" data-end=\"1913\">\n<p data-start=\"1826\" data-end=\"1913\"><strong data-start=\"1826\" data-end=\"1849\">Eventos y congresos<\/strong>: traducci\u00f3n simult\u00e1nea y equipos de comunicaci\u00f3n multiling\u00fce.<\/p>\n<\/li>\n<li data-start=\"1914\" data-end=\"1994\">\n<p data-start=\"1916\" data-end=\"1994\"><strong data-start=\"1916\" data-end=\"1940\">Empresas e industria<\/strong>: walkie talkies y sistemas de coordinaci\u00f3n interna.<\/p>\n<\/li>\n<li data-start=\"1995\" data-end=\"2085\">\n<p data-start=\"1997\" data-end=\"2085\"><strong data-start=\"1997\" data-end=\"2022\">Educaci\u00f3n y formaci\u00f3n<\/strong>: herramientas para que la comunicaci\u00f3n sea clara y efectiva.<\/p>\n<\/li>\n<\/ul>\n<p data-start=\"2087\" data-end=\"2113\">\ud83e\udd1d <strong data-start=\"2090\" data-end=\"2111\">Por qu\u00e9 elegirnos<\/strong><\/p>\n<ul data-start=\"2114\" data-end=\"2311\">\n<li data-start=\"2114\" data-end=\"2158\">\n<p data-start=\"2116\" data-end=\"2158\">Amplia experiencia en turismo y eventos.<\/p>\n<\/li>\n<li data-start=\"2159\" data-end=\"2208\">\n<p data-start=\"2161\" data-end=\"2208\">Atenci\u00f3n personalizada y soluciones a medida.<\/p>\n<\/li>\n<li data-start=\"2209\" data-end=\"2262\">\n<p data-start=\"2211\" data-end=\"2262\">Entrega r\u00e1pida y soporte integral en toda Europa.<\/p>\n<\/li>\n<li data-start=\"2263\" data-end=\"2311\">\n<p data-start=\"2265\" data-end=\"2311\">Equipos modernos, c\u00f3modos y f\u00e1ciles de usar.<\/p>\n<\/li>\n<\/ul>\n<p data-start=\"2313\" data-end=\"2369\">En <strong data-start=\"2316\" data-end=\"2340\">Connect Sound Europe<\/strong>, tu mensaje siempre llega.<\/p>\n<p>[\/et_pb_text][\/et_pb_column][\/et_pb_row][\/et_pb_section]<\/p>\n","protected":false},"excerpt":{"rendered":"<p>Sobre nosotros \u2013 Connect Sound Europe En Connect Sound Europe somos especialistas en soluciones de comunicaci\u00f3n profesional, con presencia en toda Europa y una amplia experiencia en el sector. Nuestro compromiso es ofrecer a cada cliente la tecnolog\u00eda m\u00e1s innovadora para que la comunicaci\u00f3n fluya de manera clara, sencilla y eficaz. \ud83d\udd0a \u00bfQu\u00e9 hacemos?Nos dedicamos [&hellip;]<\/p>\n","protected":false},"author":1,"featured_media":0,"parent":0,"menu_order":0,"comment_status":"closed","ping_status":"closed","template":"","meta":{"_et_pb_use_builder":"on","_et_pb_old_content":"","_et_gb_content_width":"","footnotes":""},"class_list":["post-2239","page","type-page","status-publish","hentry"],"_links":{"self":[{"href":"https:\/\/connectsound.es\/index.php\/wp-json\/wp\/v2\/pages\/2239","targetHints":{"allow":["GET"]}}],"collection":[{"href":"https:\/\/connectsound.es\/index.php\/wp-json\/wp\/v2\/pages"}],"about":[{"href":"https:\/\/connectsound.es\/index.php\/wp-json\/wp\/v2\/types\/page"}],"author":[{"embeddable":true,"href":"https:\/\/connectsound.es\/index.php\/wp-json\/wp\/v2\/users\/1"}],"replies":[{"embeddable":true,"href":"https:\/\/connectsound.es\/index.php\/wp-json\/wp\/v2\/comments?post=2239"}],"version-history":[{"count":4,"href":"https:\/\/connectsound.es\/index.php\/wp-json\/wp\/v2\/pages\/2239\/revisions"}],"predecessor-version":[{"id":2737,"href":"https:\/\/connectsound.es\/index.php\/wp-json\/wp\/v2\/pages\/2239\/revisions\/2737"}],"wp:attachment":[{"href":"https:\/\/connectsound.es\/index.php\/wp-json\/wp\/v2\/media?parent=2239"}],"curies":[{"name":"wp","href":"https:\/\/api.w.org\/{rel}","templated":true}]}}